{"id":12,"date":"2025-01-24T08:30:37","date_gmt":"2025-01-24T08:30:37","guid":{"rendered":"https:\/\/biggie.kinsta.cloud\/?page_id=12"},"modified":"2025-02-10T14:57:07","modified_gmt":"2025-02-10T14:57:07","slug":"startsida","status":"publish","type":"page","link":"https:\/\/biggie.se\/","title":{"rendered":"Startsida"},"content":{"rendered":"\n<div class=\"wp-block-cover alignfull\" style=\"min-height:473px;aspect-ratio:unset;\"><span aria-hidden=\"true\" class=\"wp-block-cover__background has-background-dim-10 has-background-dim wp-block-cover__gradient-background has-background-gradient has-vivid-cyan-blue-to-vivid-purple-gradient-background\"><\/span><img loading=\"lazy\" decoding=\"async\" width=\"1200\" height=\"628\" class=\"wp-block-cover__image-background wp-image-221\" alt=\"\" src=\"https:\/\/biggie.kinsta.cloud\/wp-content\/uploads\/2025\/01\/biggie-hero-1200x628-3.jpg\" style=\"object-position:50% 16%\" data-object-fit=\"cover\" data-object-position=\"50% 16%\" srcset=\"https:\/\/biggie.se\/wp-content\/uploads\/2025\/01\/biggie-hero-1200x628-3.jpg 1200w, https:\/\/biggie.se\/wp-content\/uploads\/2025\/01\/biggie-hero-1200x628-3-300x157.jpg 300w, https:\/\/biggie.se\/wp-content\/uploads\/2025\/01\/biggie-hero-1200x628-3-1024x536.jpg 1024w, https:\/\/biggie.se\/wp-content\/uploads\/2025\/01\/biggie-hero-1200x628-3-768x402.jpg 768w\" sizes=\"auto, (max-width: 1200px) 100vw, 1200px\" \/><div class=\"wp-block-cover__inner-container is-layout-flow wp-block-cover-is-layout-flow\">\n<div class=\"wp-block-group alignwide is-vertical is-layout-flex wp-container-core-group-is-layout-40f5052d wp-block-group-is-layout-flex\" style=\"padding-top:0;padding-bottom:0\">\n<h2 class=\"wp-block-heading alignfull has-text-align-center has-ast-global-color-4-color has-text-color has-link-color wp-elements-b646c5c618165dfc7391f71e77837b3a\" style=\"border-style:none;border-width:0px;border-radius:0px;padding-top:var(--wp--preset--spacing--80);padding-right:0\">Vinn 1 miljon kr \u2013 varje \u00e5r <a href=\"#vinst\">livet ut<\/a>*<\/h2>\n<\/div>\n\n\n\n<div class=\"wp-block-buttons alignwide has-custom-font-size has-medium-font-size is-content-justification-center is-layout-flex wp-container-core-buttons-is-layout-16f3a6bc wp-block-buttons-is-layout-flex\" style=\"margin-top:0;margin-bottom:0;padding-top:var(--wp--preset--spacing--40);padding-bottom:var(--wp--preset--spacing--40)\">\n<div class=\"wp-block-button has-custom-font-size is-style-fill\" style=\"font-size:16px\"><a class=\"wp-block-button__link has-ast-global-color-2-color has-ast-global-color-7-background-color has-text-color has-background has-link-color has-text-align-center wp-element-button\" href=\"#formul\u00e4r\">Early Bird! 29 kr f\u00f6rsta m\u00e5naden<\/a><\/div>\n<\/div>\n<\/div><\/div>\n\n\n\n<div class=\"wp-block-group alignfull has-ast-global-color-1-color has-ast-global-color-1-background-color has-text-color has-background has-link-color wp-elements-f74c4c88424ebd70f937663b1922cfd4 is-layout-constrained wp-container-core-group-is-layout-2db5dd28 wp-block-group-is-layout-constrained\" id=\"contact\" style=\"margin-top:0;margin-bottom:0;padding-top:57px;padding-right:var(--wp--preset--spacing--60);padding-bottom:57px;padding-left:var(--wp--preset--spacing--60)\">\n<h2 class=\"wp-block-heading has-text-align-left has-ast-global-color-4-color has-text-color\" style=\"margin-top:0;margin-bottom:0;padding-top:0;padding-right:0;padding-bottom:0;padding-left:0;font-size:36px\">Vad g\u00f6r du s\u00f6ndag 03:28?<\/h2>\n\n\n\n<p class=\"has-text-align-left has-ast-global-color-4-color has-text-color has-link-color wp-elements-a7fa38ac044a08d6cda1435e5f336c4b\" style=\"border-radius:0px;padding-top:0;padding-right:0;padding-bottom:0;padding-left:0;font-size:16px\">Vad s\u00e4gs om good vibes varje dag \u2013 Det \u00e4r frihet. Det \u00e4r en Biggie.<\/p>\n\n\n\n<p class=\"has-text-align-left has-ast-global-color-4-color has-text-color has-link-color wp-elements-68e127b028ddbca976db1f28e7b7a0f4\" style=\"border-radius:0px;padding-top:0;padding-right:0;padding-bottom:0;padding-left:0;font-size:16px\">\ud83d\udcb0 1 miljon kronor varje \u00e5r, <a href=\"#vinst\">livet ut.<\/a>*<br>\ud83d\udd7a Frihet att g\u00f6ra vad du vill, n\u00e4r du vill.<\/p>\n<\/div>\n\n\n\n<div class=\"wp-block-media-text alignfull is-stacked-on-mobile is-vertically-aligned-center has-ast-global-color-0-background-color has-background\" style=\"padding-top:0;padding-bottom:0\"><figure class=\"wp-block-media-text__media\"><img loading=\"lazy\" decoding=\"async\" width=\"340\" height=\"272\" src=\"http:\/\/biggie.kinsta.cloud\/wp-content\/uploads\/2025\/01\/Biggie-340x272-2025.jpg\" alt=\"\" class=\"wp-image-126 size-full\" srcset=\"https:\/\/biggie.se\/wp-content\/uploads\/2025\/01\/Biggie-340x272-2025.jpg 340w, https:\/\/biggie.se\/wp-content\/uploads\/2025\/01\/Biggie-340x272-2025-300x240.jpg 300w\" sizes=\"auto, (max-width: 340px) 100vw, 340px\" \/><\/figure><div class=\"wp-block-media-text__content\">\n<div class=\"wp-block-group is-layout-flow wp-block-group-is-layout-flow\" style=\"padding-top:2em;padding-right:1em;padding-bottom:2em;padding-left:1em\">\n<h2 class=\"wp-block-heading has-ast-global-color-4-color has-text-color has-link-color wp-elements-ea69f6eb8822b1c562d1ca8535a9e73b\" id=\"vinst\" style=\"font-size:36px\">Det h\u00e4r \u00e4r Biggie<\/h2>\n\n\n\n<p class=\"has-ast-global-color-6-color has-text-color has-link-color has-extra-small-font-size wp-elements-8d5048e8e39e5a29de22c618dfe04043\">Biggie \u00e4r en lott med dragning varje vecka. F\u00f6r 29 kronor f\u00f6rsta m\u00e5naden (d\u00e4refter 79 kronor\/m\u00e5nad) kan du vinna 1 miljon kronor per \u00e5r. <a href=\"#formul\u00e4r\">Fyll i dina uppgifter<\/a> och h\u00e5ll utkik i din mejlkorg.<\/p>\n\n\n\n<p class=\"has-ast-global-color-6-color has-text-color has-link-color wp-elements-1e0177ca0badfd95e85d312e1b1e0a87\" style=\"font-size:14px\">*Ber\u00e4knad utbetalning: 1 miljon kronor\/\u00e5r i 65 \u00e5r.<\/p>\n<\/div>\n<\/div><\/div>\n\n\n\n<div class=\"wp-block-columns is-layout-flex wp-container-core-columns-is-layout-92d71c5b wp-block-columns-is-layout-flex\" style=\"margin-top:0;margin-bottom:0;padding-top:var(--wp--preset--spacing--70);padding-bottom:var(--wp--preset--spacing--70)\">\n<div class=\"wp-block-column is-layout-flow wp-block-column-is-layout-flow\">\n<h3 class=\"wp-block-heading has-ast-global-color-0-color has-text-color has-link-color wp-elements-aebb939de1d95b3b0882d940d1675338\" id=\"formul\u00e4r\">Biggie lanseras snart \u2013 s\u00e4tt upp dig p\u00e5 v\u00e4ntlistan<\/h3>\n<\/div>\n<\/div>\n\n\n\n<div class=\"wp-block-columns is-layout-flex wp-container-core-columns-is-layout-e79a657b wp-block-columns-is-layout-flex\" style=\"padding-top:0\">\n<div class=\"wp-block-column is-layout-flow wp-block-column-is-layout-flow\">\n<div class=\"forminator-guttenberg\"><div class=\"forminator-ui forminator-custom-form forminator-custom-form-48 forminator-design--default  forminator_ajax\" data-forminator-render=\"0\" data-form=\"forminator-module-48\" data-uid=\"69f8a6694a6e0\"><br\/><\/div><form\n\t\t\t\tid=\"forminator-module-48\"\n\t\t\t\tclass=\"forminator-ui forminator-custom-form forminator-custom-form-48 forminator-design--default  forminator_ajax\"\n\t\t\t\tmethod=\"post\"\n\t\t\t\tdata-forminator-render=\"0\"\n\t\t\t\tdata-form-id=\"48\"\n\t\t\t\t data-color-option=\"theme\" data-design=\"default\" data-grid=\"open\" style=\"display: none;\"\n\t\t\t\tdata-uid=\"69f8a6694a6e0\"\n\t\t\t><div role=\"alert\" aria-live=\"polite\" class=\"forminator-response-message forminator-error\" aria-hidden=\"true\"><\/div><div class=\"forminator-row\"><div id=\"name-1\" class=\"forminator-field-name forminator-col forminator-col-12 \"><div class=\"forminator-field\"><label for=\"forminator-field-name-1_69f8a6694a6e0\" id=\"forminator-field-name-1_69f8a6694a6e0-label\" class=\"forminator-label\">F\u00f6r- och efternamn <span class=\"forminator-required\">*<\/span><\/label><input type=\"text\" name=\"name-1\" value=\"\" placeholder=\"Ex. Johan Johansson\" id=\"forminator-field-name-1_69f8a6694a6e0\" class=\"forminator-input forminator-name--field\" aria-required=\"true\" autocomplete=\"name\" \/><\/div><\/div><\/div><div class=\"forminator-row\"><div id=\"email-1\" class=\"forminator-field-email forminator-col forminator-col-12 \"><div class=\"forminator-field\"><label for=\"forminator-field-email-1_69f8a6694a6e0\" id=\"forminator-field-email-1_69f8a6694a6e0-label\" class=\"forminator-label\">Email adress <span class=\"forminator-required\">*<\/span><\/label><input type=\"email\" name=\"email-1\" value=\"\" placeholder=\"Ex. johan@gmail.com\" id=\"forminator-field-email-1_69f8a6694a6e0\" class=\"forminator-input forminator-email--field\" data-required=\"true\" aria-required=\"true\" autocomplete=\"email\" \/><\/div><\/div><\/div><div class=\"forminator-row\"><div id=\"phone-1\" class=\"forminator-field-phone forminator-col forminator-col-12 \"><div class=\"forminator-field\"><label for=\"forminator-field-phone-1_69f8a6694a6e0\" id=\"forminator-field-phone-1_69f8a6694a6e0-label\" class=\"forminator-label\">Mobilnummer<\/label><input type=\"text\" name=\"phone-1\" value=\"\" placeholder=\"Ex. +46 701 765 09\" id=\"forminator-field-phone-1_69f8a6694a6e0\" class=\"forminator-input forminator-field--phone\" data-required=\"\" aria-required=\"false\" autocomplete=\"off\" \/><\/div><\/div><\/div><div class=\"forminator-row\"><div id=\"consent-1\" class=\"forminator-field-consent forminator-col forminator-col-12 \"><div class=\"forminator-field\"><div class=\"forminator-checkbox__wrapper\"><label id=\"forminator-field-consent-1_69f8a6694a6e0__label\" class=\"forminator-checkbox forminator-consent\"><input type=\"checkbox\" name=\"consent-1\" id=\"forminator-field-consent-1_69f8a6694a6e0\" value=\"checked\" aria-labelledby=\"forminator-field-consent-1_69f8a6694a6e0-label\" aria-describedby=\"forminator-field-consent-1_69f8a6694a6e0__description\" data-required=\"true\" aria-required=\"true\" \/><span class=\"forminator-checkbox-box\" aria-hidden=\"true\"><\/span><\/label><div id=\"forminator-field-consent-1_69f8a6694a6e0__description\" class=\"forminator-checkbox__label forminator-consent__label\"><p>Godk\u00e4nn <a rel=\"noopener\" target=\"_blank\" href=\"\/\/www.miljonlotteriet.se\/om-oss\/integritetspolicy\">integritetspolicy<\/a> och <a rel=\"noopener\" target=\"_blank\" href=\"\/\/www.miljonlotteriet.se\/om-oss\/villkor\">villkor<\/a>.<\/p><\/div><\/div><\/div><\/div><\/div><div class=\"forminator-row\"><div id=\"html-1\" class=\"forminator-field-html forminator-col forminator-col-12 \"><div class=\"forminator-field forminator-merge-tags\" data-field=\"html-1\"><p><em>Du kommer inte debiteras genom att fylla i detta formul\u00e4r.&nbsp;<\/em><\/p><\/div><\/div><\/div><input type=\"hidden\" name=\"referer_url\" value=\"\" \/><div class=\"forminator-row forminator-row-last\"><div class=\"forminator-col\"><div class=\"forminator-field\"><button class=\"forminator-button forminator-button-submit\">Jag vill ha en Biggie!<\/button><\/div><\/div><\/div><input type=\"hidden\" id=\"forminator_nonce\" name=\"forminator_nonce\" value=\"7176307b71\" \/><input type=\"hidden\" name=\"_wp_http_referer\" value=\"\/index.php?rest_route=%2Fwp%2Fv2%2Fpages%2F12\" \/><input type=\"hidden\" name=\"form_id\" value=\"48\"><input type=\"hidden\" name=\"page_id\" value=\"12\"><input type=\"hidden\" name=\"form_type\" value=\"default\"><input type=\"hidden\" name=\"current_url\" value=\"https:\/\/biggie.se\/\"><input type=\"hidden\" name=\"render_id\" value=\"0\"><input type=\"hidden\" name=\"action\" value=\"forminator_submit_form_custom-forms\"><\/form><\/div>\n<\/div>\n<\/div>\n\n\n\n<p><\/p>\n","protected":false},"excerpt":{"rendered":"<p>Vad g\u00f6r du s\u00f6ndag 03:28? Vad s\u00e4gs om good vibes varje dag \u2013 Det \u00e4r frihet. Det \u00e4r en Biggie. [&hellip;]<\/p>\n","protected":false},"author":2,"featured_media":0,"parent":0,"menu_order":0,"comment_status":"closed","ping_status":"closed","template":"","meta":{"site-sidebar-layout":"no-sidebar","site-content-layout":"plain-container","ast-site-content-layout":"default","site-content-style":"default","site-sidebar-style":"default","ast-global-header-display":"","ast-banner-title-visibility":"","ast-main-header-display":"","ast-hfb-above-header-display":"","ast-hfb-below-header-display":"","ast-hfb-mobile-header-display":"","site-post-title":"disabled","ast-breadcrumbs-content":"","ast-featured-img":"","footer-sml-layout":"","theme-transparent-header-meta":"enabled","adv-header-id-meta":"","stick-header-meta":"","header-above-stick-meta":"","header-main-stick-meta":"","header-below-stick-meta":"","astra-migrate-meta-layouts":"default","ast-page-background-enabled":"default","ast-page-background-meta":{"desktop":{"background-color":"var(--ast-global-color-5)","background-image":"","background-repeat":"repeat","background-position":"center center","background-size":"auto","background-attachment":"scroll","background-type":"","background-media":"","overlay-type":"","overlay-color":"","overlay-opacity":"","overlay-gradient":""},"tablet":{"background-color":"","background-image":"","background-repeat":"repeat","background-position":"center center","background-size":"auto","background-attachment":"scroll","background-type":"","background-media":"","overlay-type":"","overlay-color":"","overlay-opacity":"","overlay-gradient":""},"mobile":{"background-color":"","background-image":"","background-repeat":"repeat","background-position":"center center","background-size":"auto","background-attachment":"scroll","background-type":"","background-media":"","overlay-type":"","overlay-color":"","overlay-opacity":"","overlay-gradient":""}},"ast-content-background-meta":{"desktop":{"background-color":"var(--ast-global-color-4)","background-image":"","background-repeat":"repeat","background-position":"center center","background-size":"auto","background-attachment":"scroll","background-type":"","background-media":"","overlay-type":"","overlay-color":"","overlay-opacity":"","overlay-gradient":""},"tablet":{"background-color":"var(--ast-global-color-4)","background-image":"","background-repeat":"repeat","background-position":"center center","background-size":"auto","background-attachment":"scroll","background-type":"","background-media":"","overlay-type":"","overlay-color":"","overlay-opacity":"","overlay-gradient":""},"mobile":{"background-color":"var(--ast-global-color-4)","background-image":"","background-repeat":"repeat","background-position":"center center","background-size":"auto","background-attachment":"scroll","background-type":"","background-media":"","overlay-type":"","overlay-color":"","overlay-opacity":"","overlay-gradient":""}},"footnotes":""},"class_list":["post-12","page","type-page","status-publish","hentry"],"_links":{"self":[{"href":"https:\/\/biggie.se\/index.php?rest_route=\/wp\/v2\/pages\/12","targetHints":{"allow":["GET"]}}],"collection":[{"href":"https:\/\/biggie.se\/index.php?rest_route=\/wp\/v2\/pages"}],"about":[{"href":"https:\/\/biggie.se\/index.php?rest_route=\/wp\/v2\/types\/page"}],"author":[{"embeddable":true,"href":"https:\/\/biggie.se\/index.php?rest_route=\/wp\/v2\/users\/2"}],"replies":[{"embeddable":true,"href":"https:\/\/biggie.se\/index.php?rest_route=%2Fwp%2Fv2%2Fcomments&post=12"}],"version-history":[{"count":147,"href":"https:\/\/biggie.se\/index.php?rest_route=\/wp\/v2\/pages\/12\/revisions"}],"predecessor-version":[{"id":244,"href":"https:\/\/biggie.se\/index.php?rest_route=\/wp\/v2\/pages\/12\/revisions\/244"}],"wp:attachment":[{"href":"https:\/\/biggie.se\/index.php?rest_route=%2Fwp%2Fv2%2Fmedia&parent=12"}],"curies":[{"name":"wp","href":"https:\/\/api.w.org\/{rel}","templated":true}]}}